{"id":1145,"date":"2013-09-05T10:35:22","date_gmt":"2013-09-05T08:35:22","guid":{"rendered":"http:\/\/kirchstrasse.ch\/?page_id=1145"},"modified":"2017-03-12T18:17:58","modified_gmt":"2017-03-12T17:17:58","slug":"gartenanlage-umgebungsplan","status":"publish","type":"page","link":"https:\/\/kirchstrasse.ch\/?page_id=1145","title":{"rendered":"Gartenanlage"},"content":{"rendered":"<h3>Gartenanlage bzw. Umgebungsplan<\/h3>\n<p><a href=\"http:\/\/kirchstrasse.ch\/wp\/wp-content\/uploads\/2011\/07\/Kirch18_C_Umgebung.jpg\"><img decoding=\"async\" class=\"alignnone size-full wp-image-1142\" src=\"http:\/\/kirchstrasse.ch\/wp\/wp-content\/uploads\/2011\/07\/Kirch18_C_Umgebung.jpg\" alt=\"Kirch18_C_Umgebung\" width=\"640\" srcset=\"https:\/\/kirchstrasse.ch\/wp\/wp-content\/uploads\/2011\/07\/Kirch18_C_Umgebung.jpg 1024w, https:\/\/kirchstrasse.ch\/wp\/wp-content\/uploads\/2011\/07\/Kirch18_C_Umgebung-600x370.jpg 600w, https:\/\/kirchstrasse.ch\/wp\/wp-content\/uploads\/2011\/07\/Kirch18_C_Umgebung-300x184.jpg 300w\" sizes=\"(max-width: 1024px) 100vw, 1024px\" \/><\/a><\/p>\n<p>Von der Balkonseite hat man die Sicht auf die vielseitige, weitl\u00e4ufige und grossz\u00fcgige Gartenanlage mit Spiel und Ruhe-Zonen. Der Garten ist m\u00f6glichst einheimisch bepflanzt und steht exklusiv den Bewohnern der Kirchstrasse 14&amp;16, Kirchstrasse 18 und Kirchstrasse 20\/ Ifangstrasse 52 zur Verf\u00fcgung.<\/p>\n","protected":false},"excerpt":{"rendered":"<p>Gartenanlage bzw. Umgebungsplan Von der Balkonseite hat man die Sicht auf die vielseitige, weitl\u00e4ufige und grossz\u00fcgige Gartenanlage mit Spiel und Ruhe-Zonen. Der Garten ist m\u00f6glichst einheimisch bepflanzt und steht exklusiv den Bewohnern der Kirchstrasse 14&amp;16, Kirchstrasse 18 und Kirchstrasse 20\/ Ifangstrasse 52 zur Verf\u00fcgung.<\/p>\n","protected":false},"author":3,"featured_media":0,"parent":7,"menu_order":0,"comment_status":"closed","ping_status":"closed","template":"","meta":{"site-sidebar-layout":"default","site-content-layout":"","ast-site-content-layout":"default","site-content-style":"default","site-sidebar-style":"default","ast-global-header-display":"","ast-banner-title-visibility":"","ast-main-header-display":"","ast-hfb-above-header-display":"","ast-hfb-below-header-display":"","ast-hfb-mobile-header-display":"","site-post-title":"","ast-breadcrumbs-content":"","ast-featured-img":"","footer-sml-layout":"","ast-disable-related-posts":"","theme-transparent-header-meta":"","adv-header-id-meta":"","stick-header-meta":"","header-above-stick-meta":"","header-main-stick-meta":"","header-below-stick-meta":"","astra-migrate-meta-layouts":"default","ast-page-background-enabled":"default","ast-page-background-meta":{"desktop":{"background-color":"var(--ast-global-color-4)","background-image":"","background-repeat":"repeat","background-position":"center center","background-size":"auto","background-attachment":"scroll","background-type":"","background-media":"","overlay-type":"","overlay-color":"","overlay-opacity":"","overlay-gradient":""},"tablet":{"background-color":"","background-image":"","background-repeat":"repeat","background-position":"center center","background-size":"auto","background-attachment":"scroll","background-type":"","background-media":"","overlay-type":"","overlay-color":"","overlay-opacity":"","overlay-gradient":""},"mobile":{"background-color":"","background-image":"","background-repeat":"repeat","background-position":"center center","background-size":"auto","background-attachment":"scroll","background-type":"","background-media":"","overlay-type":"","overlay-color":"","overlay-opacity":"","overlay-gradient":""}},"ast-content-background-meta":{"desktop":{"background-color":"var(--ast-global-color-5)","background-image":"","background-repeat":"repeat","background-position":"center center","background-size":"auto","background-attachment":"scroll","background-type":"","background-media":"","overlay-type":"","overlay-color":"","overlay-opacity":"","overlay-gradient":""},"tablet":{"background-color":"var(--ast-global-color-5)","background-image":"","background-repeat":"repeat","background-position":"center center","background-size":"auto","background-attachment":"scroll","background-type":"","background-media":"","overlay-type":"","overlay-color":"","overlay-opacity":"","overlay-gradient":""},"mobile":{"background-color":"var(--ast-global-color-5)","background-image":"","background-repeat":"repeat","background-position":"center center","background-size":"auto","background-attachment":"scroll","background-type":"","background-media":"","overlay-type":"","overlay-color":"","overlay-opacity":"","overlay-gradient":""}},"footnotes":""},"class_list":["post-1145","page","type-page","status-publish","hentry"],"_links":{"self":[{"href":"https:\/\/kirchstrasse.ch\/index.php?rest_route=\/wp\/v2\/pages\/1145","targetHints":{"allow":["GET"]}}],"collection":[{"href":"https:\/\/kirchstrasse.ch\/index.php?rest_route=\/wp\/v2\/pages"}],"about":[{"href":"https:\/\/kirchstrasse.ch\/index.php?rest_route=\/wp\/v2\/types\/page"}],"author":[{"embeddable":true,"href":"https:\/\/kirchstrasse.ch\/index.php?rest_route=\/wp\/v2\/users\/3"}],"replies":[{"embeddable":true,"href":"https:\/\/kirchstrasse.ch\/index.php?rest_route=%2Fwp%2Fv2%2Fcomments&post=1145"}],"version-history":[{"count":1,"href":"https:\/\/kirchstrasse.ch\/index.php?rest_route=\/wp\/v2\/pages\/1145\/revisions"}],"predecessor-version":[{"id":1559,"href":"https:\/\/kirchstrasse.ch\/index.php?rest_route=\/wp\/v2\/pages\/1145\/revisions\/1559"}],"up":[{"embeddable":true,"href":"https:\/\/kirchstrasse.ch\/index.php?rest_route=\/wp\/v2\/pages\/7"}],"wp:attachment":[{"href":"https:\/\/kirchstrasse.ch\/index.php?rest_route=%2Fwp%2Fv2%2Fmedia&parent=1145"}],"curies":[{"name":"wp","href":"https:\/\/api.w.org\/{rel}","templated":true}]}}