{"id":122,"date":"2012-06-04T08:56:39","date_gmt":"2012-06-04T07:56:39","guid":{"rendered":"http:\/\/kirchstrasse.ch\/wp\/?page_id=122"},"modified":"2019-05-06T21:00:22","modified_gmt":"2019-05-06T19:00:22","slug":"info-uber-uns","status":"publish","type":"page","link":"https:\/\/kirchstrasse.ch\/?page_id=122","title":{"rendered":"Info \u00fcber uns"},"content":{"rendered":"<h2>Haftungsausschluss<\/h2>\n<p>Der Autor \u00fcbernimmt keinerlei Gew\u00e4hr hinsichtlich der inhaltlichen Richtigkeit, Genauigkeit, Aktualit\u00e4t, Zuverl\u00e4ssigkeit und Vollst\u00e4ndigkeit der Informationen.<\/p>\n<p>Haftungsanspr\u00fcche gegen den Autor wegen Sch\u00e4den materieller oder immaterieller Art, welche aus dem Zugriff oder der Nutzung bzw. Nichtnutzung der ver\u00f6ffentlichten Informationen, durch Missbrauch der Verbindung oder durch technische St\u00f6rungen entstanden sind, werden ausgeschlossen.<\/p>\n<p>Alle Angebote sind unverbindlich. Der Autor beh\u00e4lt es sich ausdr\u00fccklich vor, Teile der Seiten oder das gesamte Angebot ohne gesonderte Ank\u00fcndigung zu ver\u00e4ndern, zu erg\u00e4nzen, zu l\u00f6schen oder die Ver\u00f6ffentlichung zeitweise oder endg\u00fcltig einzustellen.<\/p>\n<p><span style=\"color: #008000;\"><strong><em>&#8222;Alle Angaben entsprechen lediglich dem Konzept bzw. der Idee und sind nicht bindend &#8211; Des Weiteren ist alles ausschliesslich f\u00fcr die Schweiz bestimmt&#8220;<br \/>\n<\/em><\/strong><\/span><\/p>\n<h2>Haftung f\u00fcr Links<\/h2>\n<p>Verweise und Links auf Webseiten Dritter liegen ausserhalb unseres Verantwortungsbereichs. Es wird jegliche Verantwortung f\u00fcr solche Webseiten abgelehnt. Der Zugriff und die Nutzung solcher Webseiten erfolgen auf eigene Gefahr des Nutzers oder der Nutzerin.<\/p>\n<h2>Urheberrechte<\/h2>\n<p>Die Urheber- und alle anderen Rechte an Inhalten, Bildern, Fotos oder anderen Dateien auf der Website geh\u00f6ren\u00a0<strong>Der Verwaltung Kirchstrasse<\/strong>\u00a0bzw. den entsprechenden Rechtsinhabern. F\u00fcr die Reproduktion jeglicher Elemente ist die schriftliche Zustimmung der Urheberrechtstr\u00e4ger im Voraus einzuholen.<\/p>\n<h2>Recht, Datenschutz<\/h2>\n<p>Es gilt ausschliesslich das schweizerische Recht und somit die schweizerischen Bestimmungen zum Datenschutz (Datenschutzgesetz).\u00a0 Zust\u00e4ndig sind aussschliesslich die Gerichte in Z\u00fcrich. Pers\u00f6nliche Daten werden weder an unbeteiligte Dritte verkauft noch weiter gegeben.<\/p>\n<p>Unser Hosting-Provider ist bem\u00fcht, die Datenbanken bzw. gespeicherten Informationen so gut wie m\u00f6glich vor fremden Zugriffen, Verlusten, Missbrauch oder vor F\u00e4lschung zu sch\u00fctzen. Auch Sie sind verpflichtet Ihre Daten zu sch\u00fctzen.<\/p>\n<p>Beim Zugriff auf diese Webseiten k\u00f6nnen unter anderem IP-Adresse, Datum, Uhrzeit, Browser-Anfrage und allg. \u00fcbertragene Informationen zum Betriebssystem resp. Browser in Logfiles, Cookies etc. gespeichert werden. Diese Nutzungsdaten bilden die Basis f\u00fcr statistische, anonyme Auswertungen, so dass Trends erkennbar sind, anhand derer wir unsere Angebote entsprechend verbessern k\u00f6nnen.<\/p>\n<h3>Kontaktadresse<\/h3>\n<p>Verwaltung<br \/>\nKirchstrasse 18<br \/>\n8153 R\u00fcmlang<br \/>\ninfo [Zeichen] kirchstrasse.ch<\/p>\n<hr \/>\n<p>Interne Tests\/Technisches<br \/>\nh<br \/>\n<a href=\"https:\/\/www.e-service.admin.ch\/sis\/app\/mandant\/drittmeldung\/\">Drittmeldung admin<\/a><br \/>\n<a href=\"http:\/\/www.ruemlang.ch\/de\/verwaltung\/dienstleistungen\/?dienst_id=25437\">Ein- und Auszugsanzeigen f\u00fcr Logisgeber und Vermieter R\u00fcmlang<\/a><\/p>\n<p><a href=\"http:\/\/kirchstrasse.ch\/wp\/wp-login.php\">WP-Login<\/a><\/p>\n<h1>h1<\/h1>\n<h2>h2<\/h2>\n<h3>h3<\/h3>\n<h4>h4<\/h4>\n<h5>h5<\/h5>\n<h6>h6<\/h6>\n<p><a href=\"http:\/\/admin8153.no-ip.org:81\">Kam1<\/a><br \/>\n<a href=\"http:\/\/admin8153.no-ip.org:81\/snapshot.jpg\">Kam1-snapshot.jpg<\/a><\/p>\n<p><a href=\"http:\/\/admin8153.no-ip.org:82\">Kam2<\/a><br \/>\n<a href=\"http:\/\/admin8153.no-ip.org:82\/snapshot.jpg\">Kam2-snapshot.jpg<\/a><\/p>\n<p><a href=\"http:\/\/admin8153.no-ip.org:82\/camera-cgi\/admin\/reboot.cgi\">Kam1<\/a><br \/>\n<a href=\"http:\/\/admin8153.no-ip.org:82\/camera-cgi\/admin\/reboot.cgi\">Kam2-boot<\/a><\/p>\n","protected":false},"excerpt":{"rendered":"<p>Haftungsausschluss Der Autor \u00fcbernimmt keinerlei Gew\u00e4hr hinsichtlich der inhaltlichen Richtigkeit, Genauigkeit, Aktualit\u00e4t, Zuverl\u00e4ssigkeit und Vollst\u00e4ndigkeit der Informationen. Haftungsanspr\u00fcche gegen den Autor wegen Sch\u00e4den materieller oder immaterieller Art, welche aus dem Zugriff oder der Nutzung bzw. Nichtnutzung der ver\u00f6ffentlichten Informationen, durch Missbrauch der Verbindung oder durch technische St\u00f6rungen entstanden sind, werden ausgeschlossen. Alle Angebote sind unverbindlich. [&hellip;]<\/p>\n","protected":false},"author":3,"featured_media":0,"parent":1260,"menu_order":0,"comment_status":"closed","ping_status":"closed","template":"","meta":{"site-sidebar-layout":"default","site-content-layout":"","ast-site-content-layout":"default","site-content-style":"default","site-sidebar-style":"default","ast-global-header-display":"","ast-banner-title-visibility":"","ast-main-header-display":"","ast-hfb-above-header-display":"","ast-hfb-below-header-display":"","ast-hfb-mobile-header-display":"","site-post-title":"","ast-breadcrumbs-content":"","ast-featured-img":"","footer-sml-layout":"","ast-disable-related-posts":"","theme-transparent-header-meta":"","adv-header-id-meta":"","stick-header-meta":"","header-above-stick-meta":"","header-main-stick-meta":"","header-below-stick-meta":"","astra-migrate-meta-layouts":"default","ast-page-background-enabled":"default","ast-page-background-meta":{"desktop":{"background-color":"var(--ast-global-color-4)","background-image":"","background-repeat":"repeat","background-position":"center center","background-size":"auto","background-attachment":"scroll","background-type":"","background-media":"","overlay-type":"","overlay-color":"","overlay-opacity":"","overlay-gradient":""},"tablet":{"background-color":"","background-image":"","background-repeat":"repeat","background-position":"center center","background-size":"auto","background-attachment":"scroll","background-type":"","background-media":"","overlay-type":"","overlay-color":"","overlay-opacity":"","overlay-gradient":""},"mobile":{"background-color":"","background-image":"","background-repeat":"repeat","background-position":"center center","background-size":"auto","background-attachment":"scroll","background-type":"","background-media":"","overlay-type":"","overlay-color":"","overlay-opacity":"","overlay-gradient":""}},"ast-content-background-meta":{"desktop":{"background-color":"var(--ast-global-color-5)","background-image":"","background-repeat":"repeat","background-position":"center center","background-size":"auto","background-attachment":"scroll","background-type":"","background-media":"","overlay-type":"","overlay-color":"","overlay-opacity":"","overlay-gradient":""},"tablet":{"background-color":"var(--ast-global-color-5)","background-image":"","background-repeat":"repeat","background-position":"center center","background-size":"auto","background-attachment":"scroll","background-type":"","background-media":"","overlay-type":"","overlay-color":"","overlay-opacity":"","overlay-gradient":""},"mobile":{"background-color":"var(--ast-global-color-5)","background-image":"","background-repeat":"repeat","background-position":"center center","background-size":"auto","background-attachment":"scroll","background-type":"","background-media":"","overlay-type":"","overlay-color":"","overlay-opacity":"","overlay-gradient":""}},"footnotes":""},"class_list":["post-122","page","type-page","status-publish","hentry"],"_links":{"self":[{"href":"https:\/\/kirchstrasse.ch\/index.php?rest_route=\/wp\/v2\/pages\/122","targetHints":{"allow":["GET"]}}],"collection":[{"href":"https:\/\/kirchstrasse.ch\/index.php?rest_route=\/wp\/v2\/pages"}],"about":[{"href":"https:\/\/kirchstrasse.ch\/index.php?rest_route=\/wp\/v2\/types\/page"}],"author":[{"embeddable":true,"href":"https:\/\/kirchstrasse.ch\/index.php?rest_route=\/wp\/v2\/users\/3"}],"replies":[{"embeddable":true,"href":"https:\/\/kirchstrasse.ch\/index.php?rest_route=%2Fwp%2Fv2%2Fcomments&post=122"}],"version-history":[{"count":2,"href":"https:\/\/kirchstrasse.ch\/index.php?rest_route=\/wp\/v2\/pages\/122\/revisions"}],"predecessor-version":[{"id":2097,"href":"https:\/\/kirchstrasse.ch\/index.php?rest_route=\/wp\/v2\/pages\/122\/revisions\/2097"}],"up":[{"embeddable":true,"href":"https:\/\/kirchstrasse.ch\/index.php?rest_route=\/wp\/v2\/pages\/1260"}],"wp:attachment":[{"href":"https:\/\/kirchstrasse.ch\/index.php?rest_route=%2Fwp%2Fv2%2Fmedia&parent=122"}],"curies":[{"name":"wp","href":"https:\/\/api.w.org\/{rel}","templated":true}]}}