{"id":2208,"date":"2020-07-06T11:50:49","date_gmt":"2020-07-06T09:50:49","guid":{"rendered":"https:\/\/kirchstrasse.ch\/?page_id=2208"},"modified":"2021-08-05T00:27:38","modified_gmt":"2021-08-04T22:27:38","slug":"beschreibung-kirchstrasse-14-16","status":"publish","type":"page","link":"https:\/\/kirchstrasse.ch\/?page_id=2208","title":{"rendered":"Beschreibung Kirchstrasse 14 &#038; 16"},"content":{"rendered":"\n<p>&nbsp;<\/p>\n<h3>Geb\u00e4ude und Umgebung Allgemein<\/h3>\n<p>nach Minergie, mit Komfortl\u00fcftung und W\u00e4rmer\u00fcckgewinnung<br>Fassade mit sehr guter Aussenw\u00e4rmed\u00e4mmung, verputzt<br>Lift: 8-Personenlift vom Unter-Geschoss bis ins Attika Geschoss<br>LED-Beleuchtung (hell warmweiss, langlebig, spart Stromkosten)<br>Umgebung: Vielseitige und grossz\u00fcgige <a href=\"http:\/\/kirchstrasse.ch\/?page_id=1145\" target=\"_new\" rel=\"noopener noreferrer\">Gartenanlage<\/a> mit Spiel und Ruhe-Zonen, mit speziell hochwertiger, nachhaltiger und einheimischer Bepflanzung<\/p>\n<h3>Wohnung<\/h3>\n<p>Bodenbel\u00e4ge: Wohn-, Schlafr\u00e4ume und K\u00fcche durchgehend mit Feinsteinzeug sprich Keramikplatten helles anthrazit, Nassr\u00e4ume keramische Bodenplatten hell und rutschhemmend<\/p>\n<p>W\u00e4nde: Abrieb<br>Decken: Spritzputz<br>Entr\u00e9e\/Eingang: eingebaute Deckenspots elektronisch gedimmt, grossz\u00fcgig mit Platz f\u00fcr Hutablage\/Schirmst\u00e4nder etc.<\/p>\n<h3>K\u00fcche<\/h3>\n<p>Fronten Kunstharz beschichtet, Arbeitsfl\u00e4che Granitabdeckung massiv, R\u00fcckwand Glas farbig (sehr praktisch zu reinigen)<\/p>\n<p>Kochfeld: <a title=\"Induktion\" href=\"http:\/\/www.vzug.com\/view\/ch\/de\/content\/faqs_hob\" target=\"_blank\" rel=\"noopener noreferrer\">Induktion-<\/a>Glaskeramikkochfeld mit Restw\u00e4remanzeige, touch-control Bedienung<br>Dampfabzug: chromstahl, Versch. Leistungsstufen und Beleuchtung, Aktivkohlefilter longlife Ausf\u00fchrung und Fett-Filter (Geschirrsp\u00fclertauglich)<br><em>In den Attika Wohnungen ein modernstes Induktionskochfeld mit integriertem Direkt-Dampfabzug, Haubenlos.<\/em><br>Geschirrsp\u00fcler: chromstahl bzw. voll-intergriert, mehrere Sp\u00fclprogramme<br>Ofen: chromstahl Einbauofen, Heissluft, Ober- &amp; Unterhitze, Grill<br>K\u00fchlschrank: Energieeffizienzklasse, Gefrierkombination ~240L, 2 T\u00fcren K\u00fchlteil ~170L\/Gefrierteil 70L (je nach Wohnungstyp)<br>Die Ger\u00e4te sind energiesparend, Energieeffizienzklasse A bzw. A+++<\/p>\n<h3>Elektrische Installationen<\/h3>\n<p>Feller Edizio, TV, Radio, Tel in allen Zimmern m\u00f6glich, ausger\u00fcstet zweimal<br>Der Anbieter (Cablecom, Swisscom etc.) kann vom Mieter selbst gew\u00e4hlt werden<br>Gegensprechanlage mit T\u00fcr\u00f6ffner<\/p>\n<h3>Nassr\u00e4ume<\/h3>\n<p>jeweils ein Bad mit WC sowie ein separates WC mit Dusche (Studio Dusche\/WC)<br>Platten: Keramische Bodenplatten grau, Keramische Wandplatten weiss<br>W\u00e4nde Abrieb<\/p>\n<p>Waschen\/Trocknen: Jede Wohnung hat einen eigenen energiesparenden Waschautomat und ein Tumbler\/Trockner mit Kondensationstrockung und W\u00e4rmepumpe in ihrem eigenen Hauswirtschaftsraum im UG, der direkt mit dem Lift erreicht wird.<br>Die Ger\u00e4te sind sehr energiesparend, Energieeffizienzklasse A++ bzw. A+++<\/p>\n<h3>Nassraum: Bad\/WC<\/h3>\n<p>Rechteckiges Lavabo Spiegelschrank mit Steckdose und zus\u00e4tzliche Beleuchtung<br>WC und Badewanne, WC Fugenlos (sehr einfach zu reinigen)<\/p>\n<p>Tageslicht\/Fenster bei fast allen 4.5 Zimmer Wohnungen und Attika<\/p>\n<h3>Nassraum: Dusche\/WC<\/h3>\n<p>Rechteckiges Einzellavabo Spiegelschrank mit Steckdose und zus\u00e4tzliche Beleuchtung<br>WC und Dusche, WC Fugenlos (sehr einfach zu reinigen)<\/p>\n<p><em>Ein Dusch-WC (<a title=\"Geberit\" href=\"http:\/\/www.geberit.ch\/aquaclean\" target=\"_blank\" rel=\"noopener noreferrer\">Geberit Aquaclean<\/a> oder Andere) Anschluss ist vorbereitet und gegen Kosten\u00fcbernahme m\u00f6glich<\/em><\/p>\n<h3>Heizung<\/h3>\n<p>Durchg\u00e4ngige, wohlig warme, Fussbodenheizung, individuell pro Raum selbst regelbar<br>Modernste vollautomatische Heizzentrale(<a href=\"https:\/\/www.renercon.ch\/\">renercon<\/a>) mit sehr hohem Wirkungsgrad, CO2 Neutral dank Holzschnitzel aus dem lokalen Wald, zentrale Warmwasseraufbereitung(Boiler)<\/p>\n<h3>Komfortl\u00fcftung\/Wohnungsl\u00fcftung<\/h3>\n<p>Moderne Komfortl\u00fcftung in jede einzelne Wohnung, jede Wohnung kann diese selber in 4 Stufen steuern.&nbsp; Zu- und Fortluftfilter sowie Schalld\u00e4mmmung (F\u00fcr Allergiker: Pollenfilter F7). Mit dem neusten Kreuz-Gegenstromtauscher mit W\u00e4rmer\u00fcckgewinnung und Nachw\u00e4rmer. F\u00fcr den Sommer gibt es einen automatischen Sommer-Bypass (ohne Aufw\u00e4rmung). Die Fenster k\u00f6nnen jederzeit problemlos offen sein (nicht kippen)<\/p>\n<h3>Fenster<\/h3>\n<p>Retro-Style mit Sprossen (Kernzone) in Verbindung mit modernsten Fenster (Kunststoff in Verbindung mit W\u00e4rme- und Schallisolationsglas), viele sogar Raumhoch. Fensterb\u00e4nke in Aluminium, Vorhangschienen &#8222;unsichtbar&#8220; in die Decke eingelassen.<\/p>\n<p><em>In den Attika Wohnungen zus\u00e4tzlich modernstes Dachfenster elektrisch mit Fernsteuerung und&nbsp; Automatik sowie elektrische Storen.<\/em><\/p>\n<h3>Sonnenschutz \/ Storen<\/h3>\n<p>Rafflamellenstoren voll elektrisch<br>breite Markisen mit Gelenkkurbel manuell,<br>Attikawohnung mit Knickarmmarkise<\/p>\n<h3>Balkone \/ Loggias<\/h3>\n<p>Alle Balkone bzw. Loggias und Gartensitzpl\u00e4tze haben eine \u00fcberdurchschnittliche Gr\u00f6sse.<br>Boden Beton, Staketen- Glasgel\u00e4nder mit Chromhandlauf, LED-Leuchte, Steckdose mit Abdeckung<\/p>\n<h3>Hauswirtschafts- und Lagerraum im Keller<\/h3>\n<p>Jede Wohnung hat einen eigenen Hauswirtschaftsraum im Keller im Untergeschoss mit massiven W\u00e4nden, eigenem Lavabo, eigenem Waschturm, eigenem Stromanschluss sowie LED-Leuchte.<br>(LED-Leuchten sind hell, angenehm warmweiss, halten f\u00fcr Jahre und sparen Stromkosten)<\/p>\n<h3>Diverses<\/h3>\n<p>Das Halten von Haustieren wie Hunde, Katzen, Hasen, Papageien, Reptilien oder \u00e4hnliche sowie das Aufstellen von Aquarien (ausgenommen kleine) bed\u00fcrfen einer schriftlichen Bewilligung des Vermieters. Hunde k\u00f6nnen leider nicht bewilligt werden. Giftige oder gef\u00e4hrliche Tiere sind untersagt.<\/p>\n<p>&nbsp;<\/p>\n\n\n\n<p><a href=\"http:\/\/kirchstrasse.ch\/?page_id=13\">&#8230;.kontaktieren Sie uns&#8230;.<\/a><\/p>\n\n\n\n<p><em>&#8230;wichtig in der Hausordnung ist die gegenseitige R\u00fccksichtsnahme &#8211; damit wird ein h\u00f6chstmas an individueller Freiheit erreicht.<\/em><\/p>\n\n\n\n<iframe loading=\"lazy\" src=\"http:\/\/google.com\" name=\"iframe2\" height=\"120\" width=\"600\">You need a Frames Capable browser to view this content.<\/iframe>\n\n\n\n<pre class=\"wp-block-code\"><code>\n<p> <\/p>\n<iframe id=\"iframe2\" style=\"width: 100%;\" src=\"https:\/\/kirchstrasse.ch\/wp\/wp-content\/uploads\/2017\/04\/K14-000_Ansicht.jpg\" name=\"iframe2\">iframe2<\/iframe><p><\/p>\n<table style=\"width: 100%; height: 111px;\" width=\"100%\">\n<tbody>\n<tr style=\"height: 37px;\">\n<td style=\"height: 37px;\"><a style=\"color: #fa8080;\" href=\"https:\/\/kirchstrasse.ch\/wp\/wp-content\/uploads\/2017\/04\/K14-203_Ansicht.jpg\" target=\"_self\" rel=\"noopener\"><b>203<\/b> <\/a><\/td>\n<td style=\"height: 37px;\"><a style=\"color: #fa8080;\" href=\"https:\/\/kirchstrasse.ch\/wp\/wp-content\/uploads\/2017\/04\/K14-202_Ansicht.jpg\" target=\"iframe2\" rel=\"noopener\"><b>202<\/b> <\/a><\/td>\n<td style=\"height: 37px;\"><a style=\"color: #fa8080;\" href=\"https:\/\/kirchstrasse.ch\/wp\/wp-content\/uploads\/2017\/04\/K14-201_Ansicht.jpg\" target=\"iframe2\" rel=\"noopener\"><b>201<\/b> <\/a><\/td>\n<td style=\"height: 37px;\"> <\/td>\n<td style=\"height: 37px;\"><a style=\"color: #60bbee;\" href=\"https:\/\/kirchstrasse.ch\/wp\/wp-content\/uploads\/2017\/04\/K16-202_Ansicht.jpg\" target=\"iframe2\" rel=\"noopener\"><b>202<\/b> <\/a><\/td>\n<td style=\"height: 37px;\"><a style=\"color: #60bbee;\" href=\"https:\/\/kirchstrasse.ch\/wp\/wp-content\/uploads\/2017\/04\/K16-201_Ansicht.jpg\" target=\"iframe2\" rel=\"noopener\"><b>201<\/b> <\/a><\/td>\n<\/tr>\n<tr style=\"height: 37px;\">\n<td style=\"height: 37px;\"><a style=\"color: #fa8080;\" href=\"https:\/\/kirchstrasse.ch\/wp\/wp-content\/uploads\/2017\/04\/K14-103_Ansicht.jpg\" target=\"iframe2\" rel=\"noopener\"><b>103<\/b> <\/a><\/td>\n<td style=\"height: 37px;\"><a style=\"color: #fa8080;\" href=\"https:\/\/kirchstrasse.ch\/wp\/wp-content\/uploads\/2017\/04\/K14-102_Ansicht.jpg\" target=\"iframe2\" rel=\"noopener\"><b>102<\/b> <\/a><\/td>\n<td style=\"height: 37px;\"><a style=\"color: #fa8080;\" href=\"https:\/\/kirchstrasse.ch\/wp\/wp-content\/uploads\/2017\/04\/K14-101_Ansicht.jpg\" target=\"iframe2\" rel=\"noopener\"><b>101<\/b> <\/a><\/td>\n<td style=\"height: 37px;\"> <\/td>\n<td style=\"height: 37px;\"><a style=\"color: #60bbee;\" href=\"https:\/\/kirchstrasse.ch\/wp\/wp-content\/uploads\/2017\/04\/K16-102_Ansicht.jpg\" target=\"iframe2\" rel=\"noopener\"><b>102<\/b> <\/a><\/td>\n<td style=\"height: 37px;\"><a style=\"color: #60bbee;\" href=\"https:\/\/kirchstrasse.ch\/wp\/wp-content\/uploads\/2017\/04\/K16-101_Ansicht.jpg\" target=\"iframe2\" rel=\"noopener\"><b>101<\/b> <\/a><\/td>\n<\/tr>\n<tr style=\"height: 37px;\">\n<td style=\"height: 37px;\"><a style=\"color: #fa8080;\" href=\"https:\/\/kirchstrasse.ch\/wp\/wp-content\/uploads\/2017\/04\/K14-003_Ansicht.jpg\" target=\"iframe2\" rel=\"noopener\"><b>3<\/b> <\/a><\/td>\n<td style=\"height: 37px;\"><a style=\"color: #fa8080;\" href=\"https:\/\/kirchstrasse.ch\/wp\/wp-content\/uploads\/2017\/04\/K14-002_Ansicht.jpg\" target=\"iframe2\" rel=\"noopener\"><b>2<\/b> <\/a><\/td>\n<td style=\"height: 37px;\"><a style=\"color: #fa8080;\" href=\"https:\/\/kirchstrasse.ch\/wp\/wp-content\/uploads\/2017\/04\/K14-001_Ansicht.jpg\" target=\"iframe2\" rel=\"noopener\"><b>1<\/b> <\/a><\/td>\n<td style=\"height: 37px;\"> <\/td>\n<td style=\"height: 37px;\"><a style=\"color: #60bbee;\" href=\"https:\/\/kirchstrasse.ch\/wp\/wp-content\/uploads\/2017\/04\/K16-002_Ansicht.jpg\" target=\"iframe2\" rel=\"noopener\"><b>2<\/b> <\/a><\/td>\n<td style=\"height: 37px;\"><a style=\"color: #60bbee;\" href=\"https:\/\/kirchstrasse.ch\/wp\/wp-content\/uploads\/2017\/04\/K16-001_Ansicht.jpg\" target=\"iframe2\" rel=\"noopener\"><b>1<\/b> <\/a><\/td>\n<\/tr>\n<\/tbody>\n<\/table>\n<\/code><\/pre>\n","protected":false},"excerpt":{"rendered":"<p>&#8230;.kontaktieren Sie uns&#8230;. &#8230;wichtig in der Hausordnung ist die gegenseitige R\u00fccksichtsnahme &#8211; damit wird ein h\u00f6chstmas an individueller Freiheit erreicht. You need a Frames Capable browser to view this content.<\/p>\n","protected":false},"author":3,"featured_media":0,"parent":2219,"menu_order":3,"comment_status":"closed","ping_status":"closed","template":"","meta":{"site-sidebar-layout":"default","site-content-layout":"default","ast-site-content-layout":"default","site-content-style":"default","site-sidebar-style":"default","ast-global-header-display":"","ast-banner-title-visibility":"","ast-main-header-display":"","ast-hfb-above-header-display":"","ast-hfb-below-header-display":"","ast-hfb-mobile-header-display":"","site-post-title":"","ast-breadcrumbs-content":"","ast-featured-img":"","footer-sml-layout":"","ast-disable-related-posts":"","theme-transparent-header-meta":"default","adv-header-id-meta":"","stick-header-meta":"","header-above-stick-meta":"","header-main-stick-meta":"","header-below-stick-meta":"","astra-migrate-meta-layouts":"default","ast-page-background-enabled":"default","ast-page-background-meta":{"desktop":{"background-color":"var(--ast-global-color-4)","background-image":"","background-repeat":"repeat","background-position":"center center","background-size":"auto","background-attachment":"scroll","background-type":"","background-media":"","overlay-type":"","overlay-color":"","overlay-opacity":"","overlay-gradient":""},"tablet":{"background-color":"","background-image":"","background-repeat":"repeat","background-position":"center center","background-size":"auto","background-attachment":"scroll","background-type":"","background-media":"","overlay-type":"","overlay-color":"","overlay-opacity":"","overlay-gradient":""},"mobile":{"background-color":"","background-image":"","background-repeat":"repeat","background-position":"center center","background-size":"auto","background-attachment":"scroll","background-type":"","background-media":"","overlay-type":"","overlay-color":"","overlay-opacity":"","overlay-gradient":""}},"ast-content-background-meta":{"desktop":{"background-color":"var(--ast-global-color-5)","background-image":"","background-repeat":"repeat","background-position":"center center","background-size":"auto","background-attachment":"scroll","background-type":"","background-media":"","overlay-type":"","overlay-color":"","overlay-opacity":"","overlay-gradient":""},"tablet":{"background-color":"var(--ast-global-color-5)","background-image":"","background-repeat":"repeat","background-position":"center center","background-size":"auto","background-attachment":"scroll","background-type":"","background-media":"","overlay-type":"","overlay-color":"","overlay-opacity":"","overlay-gradient":""},"mobile":{"background-color":"var(--ast-global-color-5)","background-image":"","background-repeat":"repeat","background-position":"center center","background-size":"auto","background-attachment":"scroll","background-type":"","background-media":"","overlay-type":"","overlay-color":"","overlay-opacity":"","overlay-gradient":""}},"footnotes":""},"class_list":["post-2208","page","type-page","status-publish","hentry"],"_links":{"self":[{"href":"https:\/\/kirchstrasse.ch\/index.php?rest_route=\/wp\/v2\/pages\/2208","targetHints":{"allow":["GET"]}}],"collection":[{"href":"https:\/\/kirchstrasse.ch\/index.php?rest_route=\/wp\/v2\/pages"}],"about":[{"href":"https:\/\/kirchstrasse.ch\/index.php?rest_route=\/wp\/v2\/types\/page"}],"author":[{"embeddable":true,"href":"https:\/\/kirchstrasse.ch\/index.php?rest_route=\/wp\/v2\/users\/3"}],"replies":[{"embeddable":true,"href":"https:\/\/kirchstrasse.ch\/index.php?rest_route=%2Fwp%2Fv2%2Fcomments&post=2208"}],"version-history":[{"count":16,"href":"https:\/\/kirchstrasse.ch\/index.php?rest_route=\/wp\/v2\/pages\/2208\/revisions"}],"predecessor-version":[{"id":2251,"href":"https:\/\/kirchstrasse.ch\/index.php?rest_route=\/wp\/v2\/pages\/2208\/revisions\/2251"}],"up":[{"embeddable":true,"href":"https:\/\/kirchstrasse.ch\/index.php?rest_route=\/wp\/v2\/pages\/2219"}],"wp:attachment":[{"href":"https:\/\/kirchstrasse.ch\/index.php?rest_route=%2Fwp%2Fv2%2Fmedia&parent=2208"}],"curies":[{"name":"wp","href":"https:\/\/api.w.org\/{rel}","templated":true}]}}