{"id":40,"date":"2011-07-14T16:33:46","date_gmt":"2011-07-14T15:33:46","guid":{"rendered":"http:\/\/kirchstrasse.ch\/wp\/?page_id=40"},"modified":"2017-12-01T20:46:24","modified_gmt":"2017-12-01T19:46:24","slug":"partnerlinks","status":"publish","type":"page","link":"https:\/\/kirchstrasse.ch\/?page_id=40","title":{"rendered":"Links"},"content":{"rendered":"<p>&nbsp;<\/p>\n<table style=\"width: 100%;\" border=\"0\" rules=\"all\" align=\"left\">\n<tbody>\n<tr align=\"left\" valign=\"top\">\n<td width=\"130\"><a href=\"http:\/\/www.rfp-architekten.ch\" target=\"_blank\" rel=\"noopener\"><img decoding=\"async\" class=\"wp-image-132 alignleft\" style=\"border: 0px none;\" title=\"rfp-logo\" src=\"http:\/\/kirchstrasse.ch\/wp\/wp-content\/uploads\/2011\/07\/rfp-logo.png\" alt=\"\" width=\"110\" srcset=\"https:\/\/kirchstrasse.ch\/wp\/wp-content\/uploads\/2011\/07\/rfp-logo.png 200w, https:\/\/kirchstrasse.ch\/wp\/wp-content\/uploads\/2011\/07\/rfp-logo-100x15.png 100w\" sizes=\"(max-width: 200px) 100vw, 200px\" \/><\/a><\/td>\n<td valign=\"\">Generalplaner:<\/p>\n<p><strong>rfp architekten<\/strong> Architektur + Bauleitung AG<\/p>\n<p>Neugutstrasse 12<\/p>\n<p>8304 Wallisellen<\/p>\n<p><a href=\"http:\/\/www.rfp-architekten.ch\" target=\"_blank\" rel=\"noopener\">rfp architekten<\/a><\/td>\n<\/tr>\n<tr align=\"left\" valign=\"top\">\n<td width=\"130\"><a href=\"http:\/\/www.1apartner.ch\" target=\"_blank\" rel=\"noopener\"><img loading=\"lazy\" decoding=\"async\" class=\"alignnone wp-image-1733 size-full\" style=\"border: 0px none;\" title=\"rfp-logo\" src=\"http:\/\/kirchstrasse.ch\/wp\/wp-content\/uploads\/2017\/04\/1apartner.png\" alt=\"\" width=\"371\" height=\"103\" srcset=\"https:\/\/kirchstrasse.ch\/wp\/wp-content\/uploads\/2017\/04\/1apartner.png 371w, https:\/\/kirchstrasse.ch\/wp\/wp-content\/uploads\/2017\/04\/1apartner-300x83.png 300w\" sizes=\"auto, (max-width: 371px) 100vw, 371px\" \/><\/a><\/td>\n<td valign=\"\">Generalunternehmer K14-16:<\/p>\n<p><strong>1a Partner AG<\/strong><\/p>\n<p>Neugutstrasse 12<\/p>\n<p>8304 Wallisellen<\/p>\n<p><a href=\"http:\/\/www.1apartner.ch\" target=\"_blank\" rel=\"noopener\">1a Partner<\/a><\/td>\n<\/tr>\n<tr align=\"left\" valign=\"top\">\n<td><\/td>\n<td><\/td>\n<\/tr>\n<tr align=\"left\" valign=\"top\">\n<td><\/td>\n<td><\/td>\n<\/tr>\n<tr align=\"left\" valign=\"top\">\n<td><a href=\"http:\/\/www.ruemlang.ch\"><img loading=\"lazy\" decoding=\"async\" class=\"alignnone wp-image-68\" style=\"border: 0px none;\" title=\"rumlang-wappen\" src=\"http:\/\/kirchstrasse.ch\/wp\/wp-content\/uploads\/2011\/07\/rumlang-wappen.png\" alt=\"\" width=\"48\" height=\"56\" srcset=\"https:\/\/kirchstrasse.ch\/wp\/wp-content\/uploads\/2011\/07\/rumlang-wappen.png 120w, https:\/\/kirchstrasse.ch\/wp\/wp-content\/uploads\/2011\/07\/rumlang-wappen-85x100.png 85w\" sizes=\"auto, (max-width: 48px) 100vw, 48px\" \/><\/a><\/td>\n<td><a title=\"Gemeinde R\u00fcmlang\" href=\"http:\/\/www.ruemlang.ch\" target=\"_blank\" rel=\"noopener\">Gemeinde R\u00fcmlang<\/a><\/td>\n<\/tr>\n<tr align=\"left\" valign=\"top\">\n<td>\u00a0<a href=\"www.ewruemlang.ch\"><img loading=\"lazy\" decoding=\"async\" class=\"alignnone wp-image-283\" style=\"border: 0px none;\" title=\"ewr\" src=\"http:\/\/kirchstrasse.ch\/wp\/wp-content\/uploads\/2012\/11\/ewr.gif\" alt=\"\" width=\"120\" height=\"48\" \/><\/a><\/td>\n<td>Stromlieferant und Kabelnetz(UPC Cablecom)<\/p>\n<p><strong>EWR<\/strong> Elektrizit\u00e4tswerk R\u00fcmlang<\/p>\n<p>GenossenschaftLindenweg 6<\/p>\n<p>8153 R\u00fcmlang<\/p>\n<p><a href=\"http:\/\/www.ewruemlang.ch\/\">www.ewruemlang.ch<\/a><\/p>\n<p>(f\u00fcr UPC Cablecom siehe auch: <a href=\"http:\/\/www.upc-cablecom.ch\">www.upc-cablecom.ch<\/a>)<\/td>\n<\/tr>\n<tr align=\"left\" valign=\"top\">\n<td><\/td>\n<td><\/td>\n<\/tr>\n<tr align=\"left\" valign=\"top\">\n<td><\/td>\n<td><\/td>\n<\/tr>\n<tr align=\"left\" valign=\"top\">\n<td><a href=\"http:\/\/www.c-vanoli.ch\" target=\"_blank\" rel=\"noopener\"><img loading=\"lazy\" decoding=\"async\" class=\"alignnone size-full wp-image-438\" style=\"border: 0px none;\" src=\"http:\/\/kirchstrasse.ch\/wp\/wp-content\/uploads\/2011\/07\/Logo_Vanoli.png\" alt=\"Logo_Vanoli\" width=\"75\" height=\"56\" \/><\/a><\/td>\n<td>Generalunternehmer K18:<\/p>\n<p><strong>C. Vanoli Generalunternehmung AG<\/strong><\/p>\n<p>Artherstrasse 27<\/p>\n<p>6405 Immensee<\/p>\n<p><a title=\"Vanoli Gruppe\" href=\"http:\/\/www.c-vanoli.ch\" target=\"_blank\" rel=\"noopener\">C. Vanoli Gruppe<\/a><\/td>\n<\/tr>\n<tr align=\"left\" valign=\"top\">\n<td><\/td>\n<td>Konzept:<\/p>\n<p><strong>Keller<\/strong> Architekten AG<\/p>\n<p>Aathalstrasse 88<\/p>\n<p>8610 Uster<\/td>\n<\/tr>\n<\/tbody>\n<\/table>\n<p>&nbsp;<\/p>\n","protected":false},"excerpt":{"rendered":"<p>&nbsp; Generalplaner: rfp architekten Architektur + Bauleitung AG Neugutstrasse 12 8304 Wallisellen rfp architekten Generalunternehmer K14-16: 1a Partner AG Neugutstrasse 12 8304 Wallisellen 1a Partner Gemeinde R\u00fcmlang \u00a0 Stromlieferant und Kabelnetz(UPC Cablecom) EWR Elektrizit\u00e4tswerk R\u00fcmlang GenossenschaftLindenweg 6 8153 R\u00fcmlang www.ewruemlang.ch (f\u00fcr UPC Cablecom siehe auch: www.upc-cablecom.ch) Generalunternehmer K18: C. Vanoli Generalunternehmung AG Artherstrasse 27 6405 [&hellip;]<\/p>\n","protected":false},"author":3,"featured_media":0,"parent":1260,"menu_order":6,"comment_status":"closed","ping_status":"closed","template":"","meta":{"site-sidebar-layout":"default","site-content-layout":"","ast-site-content-layout":"default","site-content-style":"default","site-sidebar-style":"default","ast-global-header-display":"","ast-banner-title-visibility":"","ast-main-header-display":"","ast-hfb-above-header-display":"","ast-hfb-below-header-display":"","ast-hfb-mobile-header-display":"","site-post-title":"","ast-breadcrumbs-content":"","ast-featured-img":"","footer-sml-layout":"","ast-disable-related-posts":"","theme-transparent-header-meta":"","adv-header-id-meta":"","stick-header-meta":"","header-above-stick-meta":"","header-main-stick-meta":"","header-below-stick-meta":"","astra-migrate-meta-layouts":"default","ast-page-background-enabled":"default","ast-page-background-meta":{"desktop":{"background-color":"var(--ast-global-color-4)","background-image":"","background-repeat":"repeat","background-position":"center center","background-size":"auto","background-attachment":"scroll","background-type":"","background-media":"","overlay-type":"","overlay-color":"","overlay-opacity":"","overlay-gradient":""},"tablet":{"background-color":"","background-image":"","background-repeat":"repeat","background-position":"center center","background-size":"auto","background-attachment":"scroll","background-type":"","background-media":"","overlay-type":"","overlay-color":"","overlay-opacity":"","overlay-gradient":""},"mobile":{"background-color":"","background-image":"","background-repeat":"repeat","background-position":"center center","background-size":"auto","background-attachment":"scroll","background-type":"","background-media":"","overlay-type":"","overlay-color":"","overlay-opacity":"","overlay-gradient":""}},"ast-content-background-meta":{"desktop":{"background-color":"var(--ast-global-color-5)","background-image":"","background-repeat":"repeat","background-position":"center center","background-size":"auto","background-attachment":"scroll","background-type":"","background-media":"","overlay-type":"","overlay-color":"","overlay-opacity":"","overlay-gradient":""},"tablet":{"background-color":"var(--ast-global-color-5)","background-image":"","background-repeat":"repeat","background-position":"center center","background-size":"auto","background-attachment":"scroll","background-type":"","background-media":"","overlay-type":"","overlay-color":"","overlay-opacity":"","overlay-gradient":""},"mobile":{"background-color":"var(--ast-global-color-5)","background-image":"","background-repeat":"repeat","background-position":"center center","background-size":"auto","background-attachment":"scroll","background-type":"","background-media":"","overlay-type":"","overlay-color":"","overlay-opacity":"","overlay-gradient":""}},"footnotes":""},"class_list":["post-40","page","type-page","status-publish","hentry"],"_links":{"self":[{"href":"https:\/\/kirchstrasse.ch\/index.php?rest_route=\/wp\/v2\/pages\/40","targetHints":{"allow":["GET"]}}],"collection":[{"href":"https:\/\/kirchstrasse.ch\/index.php?rest_route=\/wp\/v2\/pages"}],"about":[{"href":"https:\/\/kirchstrasse.ch\/index.php?rest_route=\/wp\/v2\/types\/page"}],"author":[{"embeddable":true,"href":"https:\/\/kirchstrasse.ch\/index.php?rest_route=\/wp\/v2\/users\/3"}],"replies":[{"embeddable":true,"href":"https:\/\/kirchstrasse.ch\/index.php?rest_route=%2Fwp%2Fv2%2Fcomments&post=40"}],"version-history":[{"count":1,"href":"https:\/\/kirchstrasse.ch\/index.php?rest_route=\/wp\/v2\/pages\/40\/revisions"}],"predecessor-version":[{"id":1951,"href":"https:\/\/kirchstrasse.ch\/index.php?rest_route=\/wp\/v2\/pages\/40\/revisions\/1951"}],"up":[{"embeddable":true,"href":"https:\/\/kirchstrasse.ch\/index.php?rest_route=\/wp\/v2\/pages\/1260"}],"wp:attachment":[{"href":"https:\/\/kirchstrasse.ch\/index.php?rest_route=%2Fwp%2Fv2%2Fmedia&parent=40"}],"curies":[{"name":"wp","href":"https:\/\/api.w.org\/{rel}","templated":true}]}}