{"id":2126,"date":"2019-06-29T15:19:57","date_gmt":"2019-06-29T13:19:57","guid":{"rendered":"https:\/\/kirchstrasse.ch\/?post_type=product&#038;p=2126"},"modified":"2023-05-01T17:15:03","modified_gmt":"2023-05-01T15:15:03","slug":"parkplatz-tiefgarage","status":"publish","type":"product","link":"https:\/\/kirchstrasse.ch\/?product=parkplatz-tiefgarage","title":{"rendered":"Parkplatz Tiefgarage"},"content":{"rendered":"<p>Moderne uns sehr \u00fcbersichtliche Tiefgarage, sehr hell und weiss gestrichen. Drei Minuten vom Bahnhof R\u00fcmlang und der Bushaltstelle mit Direktverbindung zum Flughafen oder zur Glattalbahn. Zentrales Tor mit Schl\u00fcssel oder Fernbedienung. H\u00f6he max 2.05M<\/p>\n","protected":false},"excerpt":{"rendered":"<p>Moderne uns sehr \u00fcbersichtliche Tiefgarage, sehr hell und weiss gestrichen. Drei Minuten vom Bahnhof R\u00fcmlang und der Bushaltstelle mit Direktverbindung zum Flughafen oder zur Glattalbahn. Zentrales Tor mit Schl\u00fcssel oder Fernbedienung. H\u00f6he max 2.05M<\/p>\n","protected":false},"featured_media":0,"template":"","meta":{"site-sidebar-layout":"default","site-content-layout":"default","ast-site-content-layout":"default","site-content-style":"default","site-sidebar-style":"default","ast-global-header-display":"","ast-banner-title-visibility":"","ast-main-header-display":"","ast-hfb-above-header-display":"","ast-hfb-below-header-display":"","ast-hfb-mobile-header-display":"","site-post-title":"","ast-breadcrumbs-content":"","ast-featured-img":"","footer-sml-layout":"","ast-disable-related-posts":"","theme-transparent-header-meta":"default","adv-header-id-meta":"","stick-header-meta":"","header-above-stick-meta":"","header-main-stick-meta":"","header-below-stick-meta":"","astra-migrate-meta-layouts":"default","ast-page-background-enabled":"default","ast-page-background-meta":{"desktop":{"background-color":"var(--ast-global-color-4)","background-image":"","background-repeat":"repeat","background-position":"center center","background-size":"auto","background-attachment":"scroll","background-type":"","background-media":"","overlay-type":"","overlay-color":"","overlay-opacity":"","overlay-gradient":""},"tablet":{"background-color":"","background-image":"","background-repeat":"repeat","background-position":"center center","background-size":"auto","background-attachment":"scroll","background-type":"","background-media":"","overlay-type":"","overlay-color":"","overlay-opacity":"","overlay-gradient":""},"mobile":{"background-color":"","background-image":"","background-repeat":"repeat","background-position":"center center","background-size":"auto","background-attachment":"scroll","background-type":"","background-media":"","overlay-type":"","overlay-color":"","overlay-opacity":"","overlay-gradient":""}},"ast-content-background-meta":{"desktop":{"background-color":"var(--ast-global-color-5)","background-image":"","background-repeat":"repeat","background-position":"center center","background-size":"auto","background-attachment":"scroll","background-type":"","background-media":"","overlay-type":"","overlay-color":"","overlay-opacity":"","overlay-gradient":""},"tablet":{"background-color":"var(--ast-global-color-5)","background-image":"","background-repeat":"repeat","background-position":"center center","background-size":"auto","background-attachment":"scroll","background-type":"","background-media":"","overlay-type":"","overlay-color":"","overlay-opacity":"","overlay-gradient":""},"mobile":{"background-color":"var(--ast-global-color-5)","background-image":"","background-repeat":"repeat","background-position":"center center","background-size":"auto","background-attachment":"scroll","background-type":"","background-media":"","overlay-type":"","overlay-color":"","overlay-opacity":"","overlay-gradient":""}}},"product_brand":[],"product_cat":[47],"product_tag":[52],"class_list":{"0":"post-2126","1":"product","2":"type-product","3":"status-publish","5":"product_cat-parkplatz","6":"product_tag-fernbedienung","7":"desktop-align-left","8":"tablet-align-left","9":"mobile-align-left","11":"first","12":"instock","13":"virtual","14":"purchasable","15":"product-type-simple"},"_links":{"self":[{"href":"https:\/\/kirchstrasse.ch\/index.php?rest_route=\/wp\/v2\/product\/2126","targetHints":{"allow":["GET"]}}],"collection":[{"href":"https:\/\/kirchstrasse.ch\/index.php?rest_route=\/wp\/v2\/product"}],"about":[{"href":"https:\/\/kirchstrasse.ch\/index.php?rest_route=\/wp\/v2\/types\/product"}],"wp:attachment":[{"href":"https:\/\/kirchstrasse.ch\/index.php?rest_route=%2Fwp%2Fv2%2Fmedia&parent=2126"}],"wp:term":[{"taxonomy":"product_brand","embeddable":true,"href":"https:\/\/kirchstrasse.ch\/index.php?rest_route=%2Fwp%2Fv2%2Fproduct_brand&post=2126"},{"taxonomy":"product_cat","embeddable":true,"href":"https:\/\/kirchstrasse.ch\/index.php?rest_route=%2Fwp%2Fv2%2Fproduct_cat&post=2126"},{"taxonomy":"product_tag","embeddable":true,"href":"https:\/\/kirchstrasse.ch\/index.php?rest_route=%2Fwp%2Fv2%2Fproduct_tag&post=2126"}],"curies":[{"name":"wp","href":"https:\/\/api.w.org\/{rel}","templated":true}]}}