{"id":2310,"date":"2022-06-13T18:10:29","date_gmt":"2022-06-13T16:10:29","guid":{"rendered":"https:\/\/kirchstrasse.ch\/?post_type=product&#038;p=2310"},"modified":"2026-04-12T20:20:22","modified_gmt":"2026-04-12T18:20:22","slug":"neue-5-5z-attika-im-dorfzentrum","status":"publish","type":"product","link":"https:\/\/kirchstrasse.ch\/?product=neue-5-5z-attika-im-dorfzentrum","title":{"rendered":"Neue 5.5Z Attika im Dorfzentrum"},"content":{"rendered":"<p>Die Kirchstrasse geh\u00f6rt zur verkehrsarmen 30km\/h Zone und f\u00fchrt idyllisch durch das alte Dorfzentrum von R\u00fcmlang vorbei an der historischen Kirche. Kernzone R\u00fcmlang, eine ruhige und gleichzeitig sehr zentrale Lage (nur 15min mit dem Zug nach Z\u00fcrich HB)<\/p>\n<p>\u2013 grossz\u00fcgiges Entr\u00e9e mit eingebauten, dimmbaren LED Deckenspots<\/p>\n<p>\u2013 Wohn-, Schlafr\u00e4ume und K\u00fcche durchgehend mit Keramikplatten, helles anthrazit<\/p>\n<p>\u2013 Offene, Moderne K\u00fcche mit Kochinsel, Induktionsherd (integrierter Design Dampfabzug NicolaTesla), Arbeitsfl\u00e4che Granit, R\u00fcckwand Glas farbig (sehr praktisch zu reinigen)<\/p>\n<p>\u2013 Internet, TV, Radio, Tel (Glasfaser FTTB) in allen Zimmern m\u00f6glich, ausger\u00fcstet zweimal<\/p>\n<p>\u2013 1. Bad mit WC und Doppellavabo, 2. separates WC mit Dusche und 3. nochmals separates G\u00e4ste WC<\/p>\n<p>\u2013 Jede Wohnung hat einen eigenen Keller\/Hauswirtschaftsraum mit Waschturm (Energiesparender Waschautomat und Tumbler mit Kondensationstrockung&amp;W\u00e4rmepumpe) und Lavabo, diese Attika zus\u00e4tzlich noch ein Estrich.<\/p>\n<p>\u2013 Durchg\u00e4ngige, wohlig warme, Fussbodenheizung, individuell pro Raum selbst regelbar<\/p>\n<p>\u2013 Komfortl\u00fcftung in jeder einzelnen Wohnung, eigene Steuerung, mit Zu- und Fortluftfilter sowie Schalld\u00e4mmmung (Allergiker: Pollenfilter). Mit W\u00e4rmer\u00fcckgewinnung ohne die Luft auszutrocknen, Sommer-Bypass (keine Aufw\u00e4rmung). Die Fenster k\u00f6nnen jederzeit problemlos offen sein.<\/p>\n<p>\u2013 grosse und auch viele raumhohe Fenster, bei dieser grossen, modernen Attika hat der gedeckte Balkon ~13m2, im oberen Stock befindet sich eine ger\u00e4umige Gallerie, das Zimmer4 sowie das WC mit Dusche. Alle Dachfenster sind mit Storen und voll elektrisch ausger\u00fcstet.<\/p>\n<p>\u2013 8-Personenlift vom Unter-Geschoss bis ins oberstes Attika Geschoss<\/p>\n<p>\u2013 Vielseitige und grossz\u00fcgige Gartenanlage mit Spiel und Ruhe-Zonen, hochwertige und einheimischer Bepflanzung<\/p>\n<p>\u2013 Garagenpl\u00e4tze k\u00f6nnen dazu gemietet werden (133.-)<\/p>\n<p>Projektdokumentation: www.kirchstrasse.ch<\/p>\n<p>K16-201<\/p>\n<p>Hunde, Schlangen, Spinnen, giftige oder gef\u00e4hrliche Tiere sind leider nicht erlaubt und k\u00f6nnen leider nicht bewilligt werden<\/p>\n","protected":false},"excerpt":{"rendered":"<p>Die Kirchstrasse geh\u00f6rt zur verkehrsarmen 30km\/h Zone und f\u00fchrt idyllisch durch das alte Dorfzentrum von R\u00fcmlang vorbei an der historischen Kirche. Kernzone R\u00fcmlang, eine ruhige und gleichzeitig sehr zentrale Lage (nur 15min mit dem Zug nach Z\u00fcrich HB) \u2013 grossz\u00fcgiges Entr\u00e9e mit eingebauten, dimmbaren LED Deckenspots \u2013 Wohn-, Schlafr\u00e4ume und K\u00fcche durchgehend mit Keramikplatten, helles [&hellip;]<\/p>\n","protected":false},"featured_media":1721,"template":"","meta":{"site-sidebar-layout":"default","site-content-layout":"default","ast-site-content-layout":"default","site-content-style":"default","site-sidebar-style":"default","ast-global-header-display":"","ast-banner-title-visibility":"","ast-main-header-display":"","ast-hfb-above-header-display":"","ast-hfb-below-header-display":"","ast-hfb-mobile-header-display":"","site-post-title":"","ast-breadcrumbs-content":"","ast-featured-img":"","footer-sml-layout":"","ast-disable-related-posts":"","theme-transparent-header-meta":"default","adv-header-id-meta":"","stick-header-meta":"","header-above-stick-meta":"","header-main-stick-meta":"","header-below-stick-meta":"","astra-migrate-meta-layouts":"set","ast-page-background-enabled":"default","ast-page-background-meta":{"desktop":{"background-color":"var(--ast-global-color-4)","background-image":"","background-repeat":"repeat","background-position":"center center","background-size":"auto","background-attachment":"scroll","background-type":"","background-media":"","overlay-type":"","overlay-color":"","overlay-opacity":"","overlay-gradient":""},"tablet":{"background-color":"","background-image":"","background-repeat":"repeat","background-position":"center center","background-size":"auto","background-attachment":"scroll","background-type":"","background-media":"","overlay-type":"","overlay-color":"","overlay-opacity":"","overlay-gradient":""},"mobile":{"background-color":"","background-image":"","background-repeat":"repeat","background-position":"center center","background-size":"auto","background-attachment":"scroll","background-type":"","background-media":"","overlay-type":"","overlay-color":"","overlay-opacity":"","overlay-gradient":""}},"ast-content-background-meta":{"desktop":{"background-color":"var(--ast-global-color-5)","background-image":"","background-repeat":"repeat","background-position":"center center","background-size":"auto","background-attachment":"scroll","background-type":"","background-media":"","overlay-type":"","overlay-color":"","overlay-opacity":"","overlay-gradient":""},"tablet":{"background-color":"var(--ast-global-color-5)","background-image":"","background-repeat":"repeat","background-position":"center center","background-size":"auto","background-attachment":"scroll","background-type":"","background-media":"","overlay-type":"","overlay-color":"","overlay-opacity":"","overlay-gradient":""},"mobile":{"background-color":"var(--ast-global-color-5)","background-image":"","background-repeat":"repeat","background-position":"center center","background-size":"auto","background-attachment":"scroll","background-type":"","background-media":"","overlay-type":"","overlay-color":"","overlay-opacity":"","overlay-gradient":""}}},"product_brand":[],"product_cat":[31],"product_tag":[58,35,72,53,68,57,70,56,71,33],"class_list":{"0":"post-2310","1":"product","2":"type-product","3":"status-publish","4":"has-post-thumbnail","6":"product_cat-mietwohnung","7":"product_tag-aussicht","8":"product_tag-balkon","9":"product_tag-eigene-komfortlueftung-kwl","10":"product_tag-eigener-waschturm","11":"product_tag-garage","12":"product_tag-garten","13":"product_tag-induktionsherd","14":"product_tag-keller","15":"product_tag-kochinsel","16":"product_tag-lift","17":"desktop-align-left","18":"tablet-align-left","19":"mobile-align-left","21":"first","22":"instock","23":"virtual","24":"purchasable","25":"product-type-simple"},"_links":{"self":[{"href":"https:\/\/kirchstrasse.ch\/index.php?rest_route=\/wp\/v2\/product\/2310","targetHints":{"allow":["GET"]}}],"collection":[{"href":"https:\/\/kirchstrasse.ch\/index.php?rest_route=\/wp\/v2\/product"}],"about":[{"href":"https:\/\/kirchstrasse.ch\/index.php?rest_route=\/wp\/v2\/types\/product"}],"wp:featuredmedia":[{"embeddable":true,"href":"https:\/\/kirchstrasse.ch\/index.php?rest_route=\/wp\/v2\/media\/1721"}],"wp:attachment":[{"href":"https:\/\/kirchstrasse.ch\/index.php?rest_route=%2Fwp%2Fv2%2Fmedia&parent=2310"}],"wp:term":[{"taxonomy":"product_brand","embeddable":true,"href":"https:\/\/kirchstrasse.ch\/index.php?rest_route=%2Fwp%2Fv2%2Fproduct_brand&post=2310"},{"taxonomy":"product_cat","embeddable":true,"href":"https:\/\/kirchstrasse.ch\/index.php?rest_route=%2Fwp%2Fv2%2Fproduct_cat&post=2310"},{"taxonomy":"product_tag","embeddable":true,"href":"https:\/\/kirchstrasse.ch\/index.php?rest_route=%2Fwp%2Fv2%2Fproduct_tag&post=2310"}],"curies":[{"name":"wp","href":"https:\/\/api.w.org\/{rel}","templated":true}]}}